{"id":969,"date":"2022-08-31T07:15:04","date_gmt":"2022-08-31T07:15:04","guid":{"rendered":"https:\/\/demo.creativethemes.com\/elementor\/charity\/?page_id=969"},"modified":"2024-05-03T07:34:26","modified_gmt":"2024-05-03T07:34:26","slug":"volunteer","status":"publish","type":"page","link":"https:\/\/ongzoeci.com\/index.php\/volunteer\/","title":{"rendered":"Equipe"},"content":{"rendered":"\t\t<div data-elementor-type=\"wp-page\" data-elementor-id=\"969\" class=\"elementor elementor-969\" data-elementor-post-type=\"page\">\n\t\t\t\t<div class=\"elementor-element elementor-element-c2912b8 e-flex e-con-boxed e-con e-parent\" data-id=\"c2912b8\" data-element_type=\"container\">\n\t\t\t\t\t<div class=\"e-con-inner\">\n\t\t\t\t<div class=\"elementor-element elementor-element-fe8b688 elementor-widget elementor-widget-heading\" data-id=\"fe8b688\" data-element_type=\"widget\" data-widget_type=\"heading.default\">\n\t\t\t\t<div class=\"elementor-widget-container\">\n\t\t\t<style>\/*! elementor - v3.21.0 - 18-04-2024 *\/\n.elementor-heading-title{padding:0;margin:0;line-height:1}.elementor-widget-heading .elementor-heading-title[class*=elementor-size-]>a{color:inherit;font-size:inherit;line-height:inherit}.elementor-widget-heading .elementor-heading-title.elementor-size-small{font-size:15px}.elementor-widget-heading .elementor-heading-title.elementor-size-medium{font-size:19px}.elementor-widget-heading .elementor-heading-title.elementor-size-large{font-size:29px}.elementor-widget-heading .elementor-heading-title.elementor-size-xl{font-size:39px}.elementor-widget-heading .elementor-heading-title.elementor-size-xxl{font-size:59px}<\/style><h2 class=\"elementor-heading-title elementor-size-default\">Notre Team<\/h2>\t\t<\/div>\n\t\t\t\t<\/div>\n\t\t\t\t<div class=\"elementor-element elementor-element-7c99607 elementor-widget elementor-widget-text-editor\" data-id=\"7c99607\" data-element_type=\"widget\" data-widget_type=\"text-editor.default\">\n\t\t\t\t<div class=\"elementor-widget-container\">\n\t\t\t<style>\/*! elementor - v3.21.0 - 18-04-2024 *\/\n.elementor-widget-text-editor.elementor-drop-cap-view-stacked .elementor-drop-cap{background-color:#69727d;color:#fff}.elementor-widget-text-editor.elementor-drop-cap-view-framed .elementor-drop-cap{color:#69727d;border:3px solid;background-color:transparent}.elementor-widget-text-editor:not(.elementor-drop-cap-view-default) .elementor-drop-cap{margin-top:8px}.elementor-widget-text-editor:not(.elementor-drop-cap-view-default) .elementor-drop-cap-letter{width:1em;height:1em}.elementor-widget-text-editor .elementor-drop-cap{float:left;text-align:center;line-height:1;font-size:50px}.elementor-widget-text-editor .elementor-drop-cap-letter{display:inline-block}<\/style>\t\t\t\t<p>Nos super-h\u00e9ros apporteurs de bonheur pour la cause des enfants<\/p>\t\t\t\t\t\t<\/div>\n\t\t\t\t<\/div>\n\t\t\t\t\t<\/div>\n\t\t\t\t<\/div>\n\t\t<div class=\"elementor-element elementor-element-5b51163 e-flex e-con-boxed e-con e-parent\" data-id=\"5b51163\" data-element_type=\"container\">\n\t\t\t\t\t<div class=\"e-con-inner\">\n\t\t\t\t<div class=\"elementor-element elementor-element-545ba1c elementor-position-top elementor-widget elementor-widget-image-box\" data-id=\"545ba1c\" data-element_type=\"widget\" data-widget_type=\"image-box.default\">\n\t\t\t\t<div class=\"elementor-widget-container\">\n\t\t\t<style>\/*! elementor - v3.21.0 - 18-04-2024 *\/\n.elementor-widget-image-box .elementor-image-box-content{width:100%}@media (min-width:768px){.elementor-widget-image-box.elementor-position-left .elementor-image-box-wrapper,.elementor-widget-image-box.elementor-position-right .elementor-image-box-wrapper{display:flex}.elementor-widget-image-box.elementor-position-right .elementor-image-box-wrapper{text-align:end;flex-direction:row-reverse}.elementor-widget-image-box.elementor-position-left .elementor-image-box-wrapper{text-align:start;flex-direction:row}.elementor-widget-image-box.elementor-position-top .elementor-image-box-img{margin:auto}.elementor-widget-image-box.elementor-vertical-align-top .elementor-image-box-wrapper{align-items:flex-start}.elementor-widget-image-box.elementor-vertical-align-middle .elementor-image-box-wrapper{align-items:center}.elementor-widget-image-box.elementor-vertical-align-bottom .elementor-image-box-wrapper{align-items:flex-end}}@media (max-width:767px){.elementor-widget-image-box .elementor-image-box-img{margin-left:auto!important;margin-right:auto!important;margin-bottom:15px}}.elementor-widget-image-box .elementor-image-box-img{display:inline-block}.elementor-widget-image-box .elementor-image-box-title a{color:inherit}.elementor-widget-image-box .elementor-image-box-wrapper{text-align:center}.elementor-widget-image-box .elementor-image-box-description{margin:0}<\/style><div class=\"elementor-image-box-wrapper\"><figure class=\"elementor-image-box-img\"><img fetchpriority=\"high\" decoding=\"async\" width=\"300\" height=\"350\" src=\"https:\/\/ongzoeci.com\/wp-content\/uploads\/2024\/05\/1-2.jpg\" class=\"attachment-full size-full wp-image-1580\" alt=\"\" srcset=\"https:\/\/ongzoeci.com\/wp-content\/uploads\/2024\/05\/1-2.jpg 300w, https:\/\/ongzoeci.com\/wp-content\/uploads\/2024\/05\/1-2-257x300.jpg 257w\" sizes=\"(max-width: 300px) 100vw, 300px\" \/><\/figure><div class=\"elementor-image-box-content\"><h5 class=\"elementor-image-box-title\">Gu\u00e9hi Rodrigue<\/h5><p class=\"elementor-image-box-description\">Secr\u00e9taire \u00e0 l'organisation<\/p><\/div><\/div>\t\t<\/div>\n\t\t\t\t<\/div>\n\t\t\t\t<div class=\"elementor-element elementor-element-1694eac elementor-position-top elementor-widget elementor-widget-image-box\" data-id=\"1694eac\" data-element_type=\"widget\" data-widget_type=\"image-box.default\">\n\t\t\t\t<div class=\"elementor-widget-container\">\n\t\t\t<div class=\"elementor-image-box-wrapper\"><figure class=\"elementor-image-box-img\"><img decoding=\"async\" width=\"300\" height=\"350\" src=\"https:\/\/ongzoeci.com\/wp-content\/uploads\/2024\/05\/3.jpg\" class=\"attachment-full size-full wp-image-1573\" alt=\"\" srcset=\"https:\/\/ongzoeci.com\/wp-content\/uploads\/2024\/05\/3.jpg 300w, https:\/\/ongzoeci.com\/wp-content\/uploads\/2024\/05\/3-257x300.jpg 257w\" sizes=\"(max-width: 300px) 100vw, 300px\" \/><\/figure><div class=\"elementor-image-box-content\"><h5 class=\"elementor-image-box-title\">Kouam\u00e9 Prisca<\/h5><p class=\"elementor-image-box-description\">Tr\u00e9sori\u00e8re G\u00e9n\u00e9rale<\/p><\/div><\/div>\t\t<\/div>\n\t\t\t\t<\/div>\n\t\t\t\t<div class=\"elementor-element elementor-element-1f01dd1 elementor-position-top elementor-widget elementor-widget-image-box\" data-id=\"1f01dd1\" data-element_type=\"widget\" data-widget_type=\"image-box.default\">\n\t\t\t\t<div class=\"elementor-widget-container\">\n\t\t\t<div class=\"elementor-image-box-wrapper\"><figure class=\"elementor-image-box-img\"><img decoding=\"async\" width=\"300\" height=\"350\" src=\"https:\/\/ongzoeci.com\/wp-content\/uploads\/2024\/05\/4.jpg\" class=\"attachment-full size-full wp-image-1572\" alt=\"\" srcset=\"https:\/\/ongzoeci.com\/wp-content\/uploads\/2024\/05\/4.jpg 300w, https:\/\/ongzoeci.com\/wp-content\/uploads\/2024\/05\/4-257x300.jpg 257w\" sizes=\"(max-width: 300px) 100vw, 300px\" \/><\/figure><div class=\"elementor-image-box-content\"><h5 class=\"elementor-image-box-title\">Yao Yao S\u00e9verin <\/h5><p class=\"elementor-image-box-description\">Conseiller<\/p><\/div><\/div>\t\t<\/div>\n\t\t\t\t<\/div>\n\t\t\t\t<div class=\"elementor-element elementor-element-e492279 elementor-position-top elementor-widget elementor-widget-image-box\" data-id=\"e492279\" data-element_type=\"widget\" data-widget_type=\"image-box.default\">\n\t\t\t\t<div class=\"elementor-widget-container\">\n\t\t\t<div class=\"elementor-image-box-wrapper\"><figure class=\"elementor-image-box-img\"><img loading=\"lazy\" decoding=\"async\" width=\"300\" height=\"350\" src=\"https:\/\/ongzoeci.com\/wp-content\/uploads\/2024\/05\/5.jpg\" class=\"attachment-full size-full wp-image-1571\" alt=\"\" srcset=\"https:\/\/ongzoeci.com\/wp-content\/uploads\/2024\/05\/5.jpg 300w, https:\/\/ongzoeci.com\/wp-content\/uploads\/2024\/05\/5-257x300.jpg 257w\" sizes=\"(max-width: 300px) 100vw, 300px\" \/><\/figure><div class=\"elementor-image-box-content\"><h5 class=\"elementor-image-box-title\">Marie-Laure M'Badjen<\/h5><p class=\"elementor-image-box-description\">Tr\u00e9sori\u00e8re Adjointe<\/p><\/div><\/div>\t\t<\/div>\n\t\t\t\t<\/div>\n\t\t\t\t\t<\/div>\n\t\t\t\t<\/div>\n\t\t<div class=\"elementor-element elementor-element-7ce0a6f e-flex e-con-boxed e-con e-parent\" data-id=\"7ce0a6f\" data-element_type=\"container\">\n\t\t\t\t\t<div class=\"e-con-inner\">\n\t\t\t\t<div class=\"elementor-element elementor-element-e19c8a6 elementor-position-top elementor-widget elementor-widget-image-box\" data-id=\"e19c8a6\" data-element_type=\"widget\" data-widget_type=\"image-box.default\">\n\t\t\t\t<div class=\"elementor-widget-container\">\n\t\t\t<div class=\"elementor-image-box-wrapper\"><figure class=\"elementor-image-box-img\"><img loading=\"lazy\" decoding=\"async\" width=\"300\" height=\"350\" src=\"https:\/\/ongzoeci.com\/wp-content\/uploads\/2024\/05\/6.jpg\" class=\"attachment-full size-full wp-image-1570\" alt=\"\" srcset=\"https:\/\/ongzoeci.com\/wp-content\/uploads\/2024\/05\/6.jpg 300w, https:\/\/ongzoeci.com\/wp-content\/uploads\/2024\/05\/6-257x300.jpg 257w\" sizes=\"(max-width: 300px) 100vw, 300px\" \/><\/figure><div class=\"elementor-image-box-content\"><h5 class=\"elementor-image-box-title\">Edith Teya<\/h5><p class=\"elementor-image-box-description\"> Commissaire aux comptes<\/p><\/div><\/div>\t\t<\/div>\n\t\t\t\t<\/div>\n\t\t\t\t<div class=\"elementor-element elementor-element-cc230fa elementor-position-top elementor-widget elementor-widget-image-box\" data-id=\"cc230fa\" data-element_type=\"widget\" data-widget_type=\"image-box.default\">\n\t\t\t\t<div class=\"elementor-widget-container\">\n\t\t\t<div class=\"elementor-image-box-wrapper\"><figure class=\"elementor-image-box-img\"><img loading=\"lazy\" decoding=\"async\" width=\"300\" height=\"350\" src=\"https:\/\/ongzoeci.com\/wp-content\/uploads\/2024\/05\/7.jpg\" class=\"attachment-full size-full wp-image-1569\" alt=\"\" srcset=\"https:\/\/ongzoeci.com\/wp-content\/uploads\/2024\/05\/7.jpg 300w, https:\/\/ongzoeci.com\/wp-content\/uploads\/2024\/05\/7-257x300.jpg 257w\" sizes=\"(max-width: 300px) 100vw, 300px\" \/><\/figure><div class=\"elementor-image-box-content\"><h5 class=\"elementor-image-box-title\">Ouattara Salimata<\/h5><p class=\"elementor-image-box-description\">Commissaire aux comptes adjointe <\/p><\/div><\/div>\t\t<\/div>\n\t\t\t\t<\/div>\n\t\t\t\t<div class=\"elementor-element elementor-element-5b2dd15 elementor-position-top elementor-widget elementor-widget-image-box\" data-id=\"5b2dd15\" data-element_type=\"widget\" data-widget_type=\"image-box.default\">\n\t\t\t\t<div class=\"elementor-widget-container\">\n\t\t\t<div class=\"elementor-image-box-wrapper\"><figure class=\"elementor-image-box-img\"><img loading=\"lazy\" decoding=\"async\" width=\"300\" height=\"350\" src=\"https:\/\/ongzoeci.com\/wp-content\/uploads\/2024\/05\/9.jpg\" class=\"attachment-full size-full wp-image-1567\" alt=\"\" srcset=\"https:\/\/ongzoeci.com\/wp-content\/uploads\/2024\/05\/9.jpg 300w, https:\/\/ongzoeci.com\/wp-content\/uploads\/2024\/05\/9-257x300.jpg 257w\" sizes=\"(max-width: 300px) 100vw, 300px\" \/><\/figure><div class=\"elementor-image-box-content\"><h5 class=\"elementor-image-box-title\">Konan Max-Honnell<\/h5><p class=\"elementor-image-box-description\">Charg\u00e9 de projets<\/p><\/div><\/div>\t\t<\/div>\n\t\t\t\t<\/div>\n\t\t\t\t<div class=\"elementor-element elementor-element-b9c7614 elementor-position-top elementor-widget elementor-widget-image-box\" data-id=\"b9c7614\" data-element_type=\"widget\" data-widget_type=\"image-box.default\">\n\t\t\t\t<div class=\"elementor-widget-container\">\n\t\t\t<div class=\"elementor-image-box-wrapper\"><figure class=\"elementor-image-box-img\"><img loading=\"lazy\" decoding=\"async\" width=\"300\" height=\"350\" src=\"https:\/\/ongzoeci.com\/wp-content\/uploads\/2024\/05\/11.jpg\" class=\"attachment-full size-full wp-image-1576\" alt=\"\" srcset=\"https:\/\/ongzoeci.com\/wp-content\/uploads\/2024\/05\/11.jpg 300w, https:\/\/ongzoeci.com\/wp-content\/uploads\/2024\/05\/11-257x300.jpg 257w\" sizes=\"(max-width: 300px) 100vw, 300px\" \/><\/figure><div class=\"elementor-image-box-content\"><h5 class=\"elementor-image-box-title\">Maxim Kouam\u00e9<\/h5><p class=\"elementor-image-box-description\">Vice-Pr\u00e9sident<\/p><\/div><\/div>\t\t<\/div>\n\t\t\t\t<\/div>\n\t\t\t\t\t<\/div>\n\t\t\t\t<\/div>\n\t\t<div class=\"elementor-element elementor-element-f52440c e-flex e-con-boxed e-con e-parent\" data-id=\"f52440c\" data-element_type=\"container\">\n\t\t\t\t\t<div class=\"e-con-inner\">\n\t\t\t\t<div class=\"elementor-element elementor-element-f1b6762 elementor-position-top elementor-widget elementor-widget-image-box\" data-id=\"f1b6762\" data-element_type=\"widget\" data-widget_type=\"image-box.default\">\n\t\t\t\t<div class=\"elementor-widget-container\">\n\t\t\t<div class=\"elementor-image-box-wrapper\"><figure class=\"elementor-image-box-img\"><img loading=\"lazy\" decoding=\"async\" width=\"300\" height=\"350\" src=\"https:\/\/ongzoeci.com\/wp-content\/uploads\/2024\/05\/10.jpg\" class=\"attachment-full size-full wp-image-1566\" alt=\"\" srcset=\"https:\/\/ongzoeci.com\/wp-content\/uploads\/2024\/05\/10.jpg 300w, https:\/\/ongzoeci.com\/wp-content\/uploads\/2024\/05\/10-257x300.jpg 257w\" sizes=\"(max-width: 300px) 100vw, 300px\" \/><\/figure><div class=\"elementor-image-box-content\"><h5 class=\"elementor-image-box-title\">Kamele Martinien <\/h5><p class=\"elementor-image-box-description\">S\u00e9cr\u00e9taire G\u00e9n\u00e9ral<\/p><\/div><\/div>\t\t<\/div>\n\t\t\t\t<\/div>\n\t\t\t\t<div class=\"elementor-element elementor-element-bc4fa98 elementor-position-top elementor-widget elementor-widget-image-box\" data-id=\"bc4fa98\" data-element_type=\"widget\" data-widget_type=\"image-box.default\">\n\t\t\t\t<div class=\"elementor-widget-container\">\n\t\t\t<div class=\"elementor-image-box-wrapper\"><figure class=\"elementor-image-box-img\"><img loading=\"lazy\" decoding=\"async\" width=\"300\" height=\"350\" src=\"https:\/\/ongzoeci.com\/wp-content\/uploads\/2024\/05\/12.jpg\" class=\"attachment-full size-full wp-image-1623\" alt=\"\" srcset=\"https:\/\/ongzoeci.com\/wp-content\/uploads\/2024\/05\/12.jpg 300w, https:\/\/ongzoeci.com\/wp-content\/uploads\/2024\/05\/12-257x300.jpg 257w\" sizes=\"(max-width: 300px) 100vw, 300px\" \/><\/figure><div class=\"elementor-image-box-content\"><h5 class=\"elementor-image-box-title\">Assoumou Zachary<\/h5><p class=\"elementor-image-box-description\">Charg\u00e9 de la communication<\/p><\/div><\/div>\t\t<\/div>\n\t\t\t\t<\/div>\n\t\t\t\t<div class=\"elementor-element elementor-element-97610bc elementor-position-top elementor-widget elementor-widget-image-box\" data-id=\"97610bc\" data-element_type=\"widget\" data-widget_type=\"image-box.default\">\n\t\t\t\t<div class=\"elementor-widget-container\">\n\t\t\t<div class=\"elementor-image-box-wrapper\"><figure class=\"elementor-image-box-img\"><img loading=\"lazy\" decoding=\"async\" width=\"300\" height=\"350\" src=\"https:\/\/ongzoeci.com\/wp-content\/uploads\/2024\/05\/2-1.jpg\" class=\"attachment-full size-full wp-image-1584\" alt=\"\" srcset=\"https:\/\/ongzoeci.com\/wp-content\/uploads\/2024\/05\/2-1.jpg 300w, https:\/\/ongzoeci.com\/wp-content\/uploads\/2024\/05\/2-1-257x300.jpg 257w\" sizes=\"(max-width: 300px) 100vw, 300px\" \/><\/figure><div class=\"elementor-image-box-content\"><h5 class=\"elementor-image-box-title\">Koffi Andr\u00e9a<\/h5><p class=\"elementor-image-box-description\">Secr\u00e9taire G\u00e9n\u00e9rale Adjointe<\/p><\/div><\/div>\t\t<\/div>\n\t\t\t\t<\/div>\n\t\t\t\t<div class=\"elementor-element elementor-element-870b30f elementor-position-top elementor-widget elementor-widget-image-box\" data-id=\"870b30f\" data-element_type=\"widget\" data-widget_type=\"image-box.default\">\n\t\t\t\t<div class=\"elementor-widget-container\">\n\t\t\t<div class=\"elementor-image-box-wrapper\"><figure class=\"elementor-image-box-img\"><img loading=\"lazy\" decoding=\"async\" width=\"300\" height=\"350\" src=\"https:\/\/ongzoeci.com\/wp-content\/uploads\/2024\/05\/8.jpg\" class=\"attachment-full size-full wp-image-1568\" alt=\"\" srcset=\"https:\/\/ongzoeci.com\/wp-content\/uploads\/2024\/05\/8.jpg 300w, https:\/\/ongzoeci.com\/wp-content\/uploads\/2024\/05\/8-257x300.jpg 257w\" sizes=\"(max-width: 300px) 100vw, 300px\" \/><\/figure><div class=\"elementor-image-box-content\"><h5 class=\"elementor-image-box-title\">Fleur - Eglantine \u00e9pse KOUAME<\/h5><p class=\"elementor-image-box-description\">Pr\u00e9sidente<\/p><\/div><\/div>\t\t<\/div>\n\t\t\t\t<\/div>\n\t\t\t\t\t<\/div>\n\t\t\t\t<\/div>\n\t\t<div class=\"elementor-element elementor-element-ae36c5f e-flex e-con-boxed e-con e-parent\" data-id=\"ae36c5f\" data-element_type=\"container\" data-settings=\"{&quot;background_background&quot;:&quot;classic&quot;}\">\n\t\t\t\t\t<div class=\"e-con-inner\">\n\t\t<div class=\"elementor-element elementor-element-5ab61b4 e-con-full e-flex e-con e-child\" data-id=\"5ab61b4\" data-element_type=\"container\">\n\t\t\t\t<div class=\"elementor-element elementor-element-aae3049 elementor-widget elementor-widget-text-editor\" data-id=\"aae3049\" data-element_type=\"widget\" data-widget_type=\"text-editor.default\">\n\t\t\t\t<div class=\"elementor-widget-container\">\n\t\t\t\t\t\t\t<div class=\"elementor-element elementor-element-14470bf exad-sticky-section-no exad-glass-effect-no jltma-glass-effect-no elementor-widget elementor-widget-text-editor\" data-id=\"14470bf\" data-element_type=\"widget\" data-widget_type=\"text-editor.default\"><div class=\"elementor-widget-container\"><p><strong>Deviens <\/strong><b>B\u00e9n\u00e9vole\u00a0<\/b><\/p><\/div><\/div><div class=\"elementor-element elementor-element-e9eb73a elementor-widget-divider--view-line exad-sticky-section-no exad-glass-effect-no jltma-glass-effect-no elementor-widget elementor-widget-divider\" data-id=\"e9eb73a\" data-element_type=\"widget\" data-widget_type=\"divider.default\"><div class=\"elementor-widget-container\">\u00a0<\/div><\/div>\t\t\t\t\t\t<\/div>\n\t\t\t\t<\/div>\n\t\t\t\t<div class=\"elementor-element elementor-element-244f956 elementor-widget-divider--view-line elementor-widget elementor-widget-divider\" data-id=\"244f956\" data-element_type=\"widget\" data-widget_type=\"divider.default\">\n\t\t\t\t<div class=\"elementor-widget-container\">\n\t\t\t<style>\/*! elementor - v3.21.0 - 18-04-2024 *\/\n.elementor-widget-divider{--divider-border-style:none;--divider-border-width:1px;--divider-color:#0c0d0e;--divider-icon-size:20px;--divider-element-spacing:10px;--divider-pattern-height:24px;--divider-pattern-size:20px;--divider-pattern-url:none;--divider-pattern-repeat:repeat-x}.elementor-widget-divider .elementor-divider{display:flex}.elementor-widget-divider .elementor-divider__text{font-size:15px;line-height:1;max-width:95%}.elementor-widget-divider .elementor-divider__element{margin:0 var(--divider-element-spacing);flex-shrink:0}.elementor-widget-divider .elementor-icon{font-size:var(--divider-icon-size)}.elementor-widget-divider .elementor-divider-separator{display:flex;margin:0;direction:ltr}.elementor-widget-divider--view-line_icon .elementor-divider-separator,.elementor-widget-divider--view-line_text .elementor-divider-separator{align-items:center}.elementor-widget-divider--view-line_icon .elementor-divider-separator:after,.elementor-widget-divider--view-line_icon .elementor-divider-separator:before,.elementor-widget-divider--view-line_text .elementor-divider-separator:after,.elementor-widget-divider--view-line_text .elementor-divider-separator:before{display:block;content:\"\";border-block-end:0;flex-grow:1;border-block-start:var(--divider-border-width) var(--divider-border-style) var(--divider-color)}.elementor-widget-divider--element-align-left .elementor-divider .elementor-divider-separator>.elementor-divider__svg:first-of-type{flex-grow:0;flex-shrink:100}.elementor-widget-divider--element-align-left .elementor-divider-separator:before{content:none}.elementor-widget-divider--element-align-left .elementor-divider__element{margin-left:0}.elementor-widget-divider--element-align-right .elementor-divider .elementor-divider-separator>.elementor-divider__svg:last-of-type{flex-grow:0;flex-shrink:100}.elementor-widget-divider--element-align-right .elementor-divider-separator:after{content:none}.elementor-widget-divider--element-align-right .elementor-divider__element{margin-right:0}.elementor-widget-divider--element-align-start .elementor-divider .elementor-divider-separator>.elementor-divider__svg:first-of-type{flex-grow:0;flex-shrink:100}.elementor-widget-divider--element-align-start .elementor-divider-separator:before{content:none}.elementor-widget-divider--element-align-start .elementor-divider__element{margin-inline-start:0}.elementor-widget-divider--element-align-end .elementor-divider .elementor-divider-separator>.elementor-divider__svg:last-of-type{flex-grow:0;flex-shrink:100}.elementor-widget-divider--element-align-end .elementor-divider-separator:after{content:none}.elementor-widget-divider--element-align-end .elementor-divider__element{margin-inline-end:0}.elementor-widget-divider:not(.elementor-widget-divider--view-line_text):not(.elementor-widget-divider--view-line_icon) .elementor-divider-separator{border-block-start:var(--divider-border-width) var(--divider-border-style) var(--divider-color)}.elementor-widget-divider--separator-type-pattern{--divider-border-style:none}.elementor-widget-divider--separator-type-pattern.elementor-widget-divider--view-line .elementor-divider-separator,.elementor-widget-divider--separator-type-pattern:not(.elementor-widget-divider--view-line) .elementor-divider-separator:after,.elementor-widget-divider--separator-type-pattern:not(.elementor-widget-divider--view-line) .elementor-divider-separator:before,.elementor-widget-divider--separator-type-pattern:not([class*=elementor-widget-divider--view]) .elementor-divider-separator{width:100%;min-height:var(--divider-pattern-height);-webkit-mask-size:var(--divider-pattern-size) 100%;mask-size:var(--divider-pattern-size) 100%;-webkit-mask-repeat:var(--divider-pattern-repeat);mask-repeat:var(--divider-pattern-repeat);background-color:var(--divider-color);-webkit-mask-image:var(--divider-pattern-url);mask-image:var(--divider-pattern-url)}.elementor-widget-divider--no-spacing{--divider-pattern-size:auto}.elementor-widget-divider--bg-round{--divider-pattern-repeat:round}.rtl .elementor-widget-divider .elementor-divider__text{direction:rtl}.e-con-inner>.elementor-widget-divider,.e-con>.elementor-widget-divider{width:var(--container-widget-width,100%);--flex-grow:var(--container-widget-flex-grow)}<\/style>\t\t<div class=\"elementor-divider\">\n\t\t\t<span class=\"elementor-divider-separator\">\n\t\t\t\t\t\t<\/span>\n\t\t<\/div>\n\t\t\t\t<\/div>\n\t\t\t\t<\/div>\n\t\t\t\t<div class=\"elementor-element elementor-element-0749125 elementor-widget elementor-widget-heading\" data-id=\"0749125\" data-element_type=\"widget\" data-widget_type=\"heading.default\">\n\t\t\t\t<div class=\"elementor-widget-container\">\n\t\t\t<h2 class=\"elementor-heading-title elementor-size-default\">Rejoignez-nous<\/h2>\t\t<\/div>\n\t\t\t\t<\/div>\n\t\t\t\t<div class=\"elementor-element elementor-element-0de1f7e elementor-widget elementor-widget-text-editor\" data-id=\"0de1f7e\" data-element_type=\"widget\" data-widget_type=\"text-editor.default\">\n\t\t\t\t<div class=\"elementor-widget-container\">\n\t\t\t\t\t\t\t<div class=\"elementor-element elementor-element-a541c71 exad-sticky-section-no exad-glass-effect-no jltma-glass-effect-no elementor-widget elementor-widget-text-editor\" data-id=\"a541c71\" data-element_type=\"widget\" data-widget_type=\"text-editor.default\"><div class=\"elementor-widget-container\"><div class=\"elementor-element elementor-element-f737edd exad-sticky-section-no exad-glass-effect-no jltma-glass-effect-no elementor-widget elementor-widget-text-editor\" data-id=\"f737edd\" data-element_type=\"widget\" data-widget_type=\"text-editor.default\"><div class=\"elementor-widget-container\"><p>Il n\u2019y a rien de plus noble que de donner le sourire \u00e0 un enfant, que ce soit sur le plan de la sant\u00e9, de sa nourriture, de son \u00e9ducation, en somme de son \u00e9panouissement. R\u00e9alisons ensemble quelque chose de tr\u00e8s noble.<\/p><\/div><\/div><\/div><\/div><div class=\"elementor-element elementor-element-9ffb828 elementor-mobile-align-center exad-sticky-section-no exad-glass-effect-no jltma-glass-effect-no elementor-widget elementor-widget-button\" data-id=\"9ffb828\" data-element_type=\"widget\" data-widget_type=\"button.default\"><div class=\"elementor-widget-container\"><div class=\"elementor-button-wrapper\">\u00a0<\/div><\/div><\/div>\t\t\t\t\t\t<\/div>\n\t\t\t\t<\/div>\n\t\t\t\t<div class=\"elementor-element elementor-element-1cf4850 elementor-mobile-align-center elementor-widget elementor-widget-button\" data-id=\"1cf4850\" data-element_type=\"widget\" data-widget_type=\"button.default\">\n\t\t\t\t<div class=\"elementor-widget-container\">\n\t\t\t\t\t<div class=\"elementor-button-wrapper\">\n\t\t\t<a class=\"elementor-button elementor-button-link elementor-size-md\" href=\"#\">\n\t\t\t\t\t\t<span class=\"elementor-button-content-wrapper\">\n\t\t\t\t\t\t\t\t\t<span class=\"elementor-button-text\">Inscris-toi ici<\/span>\n\t\t\t\t\t<\/span>\n\t\t\t\t\t<\/a>\n\t\t<\/div>\n\t\t\t\t<\/div>\n\t\t\t\t<\/div>\n\t\t\t\t<\/div>\n\t\t\t\t\t<\/div>\n\t\t\t\t<\/div>\n\t\t\t\t<\/div>\n\t\t","protected":false},"excerpt":{"rendered":"<p>Notre Team Nos super-h\u00e9ros apporteurs de bonheur pour la cause des enfants Gu\u00e9hi Rodrigue Secr\u00e9taire \u00e0 l&#8217;organisation Kouam\u00e9 Prisca Tr\u00e9sori\u00e8re G\u00e9n\u00e9rale Yao Yao S\u00e9verin Conseiller Marie-Laure M&#8217;Badjen Tr\u00e9sori\u00e8re Adjointe Edith Teya Commissaire aux comptes Ouattara Salimata Commissaire aux comptes adjointe Konan Max-Honnell Charg\u00e9 de projets Maxim Kouam\u00e9 Vice-Pr\u00e9sident Kamele Martinien S\u00e9cr\u00e9taire G\u00e9n\u00e9ral Assoumou Zachary Charg\u00e9 [&hellip;]<\/p>\n","protected":false},"author":1,"featured_media":1454,"parent":0,"menu_order":0,"comment_status":"closed","ping_status":"closed","template":"","meta":{"ngg_post_thumbnail":0,"footnotes":""},"class_list":["post-969","page","type-page","status-publish","has-post-thumbnail","hentry"],"blocksy_meta":{"styles_descriptor":{"styles":{"desktop":"","tablet":"","mobile":""},"google_fonts":[],"version":6}},"_links":{"self":[{"href":"https:\/\/ongzoeci.com\/index.php\/wp-json\/wp\/v2\/pages\/969","targetHints":{"allow":["GET"]}}],"collection":[{"href":"https:\/\/ongzoeci.com\/index.php\/wp-json\/wp\/v2\/pages"}],"about":[{"href":"https:\/\/ongzoeci.com\/index.php\/wp-json\/wp\/v2\/types\/page"}],"author":[{"embeddable":true,"href":"https:\/\/ongzoeci.com\/index.php\/wp-json\/wp\/v2\/users\/1"}],"replies":[{"embeddable":true,"href":"https:\/\/ongzoeci.com\/index.php\/wp-json\/wp\/v2\/comments?post=969"}],"version-history":[{"count":46,"href":"https:\/\/ongzoeci.com\/index.php\/wp-json\/wp\/v2\/pages\/969\/revisions"}],"predecessor-version":[{"id":1626,"href":"https:\/\/ongzoeci.com\/index.php\/wp-json\/wp\/v2\/pages\/969\/revisions\/1626"}],"wp:featuredmedia":[{"embeddable":true,"href":"https:\/\/ongzoeci.com\/index.php\/wp-json\/wp\/v2\/media\/1454"}],"wp:attachment":[{"href":"https:\/\/ongzoeci.com\/index.php\/wp-json\/wp\/v2\/media?parent=969"}],"curies":[{"name":"wp","href":"https:\/\/api.w.org\/{rel}","templated":true}]}}